{"id":5856,"date":"2013-12-05T12:41:01","date_gmt":"2013-12-05T12:41:01","guid":{"rendered":"http:\/\/demo.qodeinteractive.com\/bridge35\/?page_id=5856"},"modified":"2013-12-05T12:41:01","modified_gmt":"2013-12-05T12:41:01","slug":"two-columns-grid-3","status":"publish","type":"page","link":"https:\/\/www.vtim.es\/portal\/portfolio\/with-text-condensed\/two-columns-grid-3\/","title":{"rendered":"Two Columns Grid"},"content":{"rendered":"<p>[vc_row][vc_column width=\u00bb1\/1&#8243;]<div class='projects_holder_outer v2 portfolio_no_space portfolio_standard'>\n    \n    <div class='filter_outer'>\n        <div class='filter_holder'>\n            <ul>\n                                    <li class='filter' data-filter='all'>                        <span >All<\/span>\n                    <\/li>\n                \n                                                <li class='filter' data-filter='portfolio_category_64'>\n                                                        <span >Dise\u00f1o interior<\/span>\n                                    <\/li>\n                                                <li class='filter' data-filter='portfolio_category_59'>\n                                                        <span >Equipamientos<\/span>\n                                    <\/li>\n                                                <li class='filter' data-filter='portfolio_category_63'>\n                                                        <span >Espacio P\u00fablico<\/span>\n                                    <\/li>\n                                                <li class='filter' data-filter='portfolio_category_61'>\n                                                        <span >Espacio P\u00fablico \/ Rehabilitaci\u00f3n<\/span>\n                                    <\/li>\n                                                <li class='filter' data-filter='portfolio_category_65'>\n                                                        <span >Publicaciones y exposiciones<\/span>\n                                    <\/li>\n                                                <li class='filter' data-filter='portfolio_category_62'>\n                                                        <span >Rehabilitaci\u00f3n<\/span>\n                                    <\/li>\n                                                <li class='filter' data-filter='portfolio_category_60'>\n                                                        <span >Residencial<\/span>\n                                    <\/li>\n            \n            <\/ul>\n        <\/div>\n    <\/div>\n\n\n    <div class='projects_holder portfolio_main_holder clearfix v2  standard_no_space portfolio_full_image '>\n        \n        <article class='mix portfolio_category_59 default' style=''>\n    \n    \n    \n            <div class='image_holder'>\n            <a itemprop='url' class='portfolio_link_for_touch' href='https:\/\/www.vtim.es\/portal\/portfolio_page\/ampliacion-y-reforma-del-ceip-9-doctubre\/' target=''>\n                \n<span class='image'><img width=\"2500\" height=\"1786\" src=\"https:\/\/www.vtim.es\/portal\/wp-content\/uploads\/2019\/12\/1819_00-1.jpg\" class=\"attachment-full size-full wp-post-image\" alt=\"\" decoding=\"async\" loading=\"lazy\" srcset=\"https:\/\/www.vtim.es\/portal\/wp-content\/uploads\/2019\/12\/1819_00-1.jpg 2500w, https:\/\/www.vtim.es\/portal\/wp-content\/uploads\/2019\/12\/1819_00-1-300x214.jpg 300w, https:\/\/www.vtim.es\/portal\/wp-content\/uploads\/2019\/12\/1819_00-1-1024x732.jpg 1024w, https:\/\/www.vtim.es\/portal\/wp-content\/uploads\/2019\/12\/1819_00-1-768x549.jpg 768w, https:\/\/www.vtim.es\/portal\/wp-content\/uploads\/2019\/12\/1819_00-1-1536x1097.jpg 1536w, https:\/\/www.vtim.es\/portal\/wp-content\/uploads\/2019\/12\/1819_00-1-2048x1463.jpg 2048w, https:\/\/www.vtim.es\/portal\/wp-content\/uploads\/2019\/12\/1819_00-1-700x500.jpg 700w\" sizes=\"(max-width: 2500px) 100vw, 2500px\" \/><\/span>            <span class='text_holder'>\n    <span class='text_outer'>\n        <span class='text_inner'>\n            <span class='feature_holder'>\n                            <span class=\"feature_holder_icons\">';\n                            <a itemprop='image' class='lightbox qbutton small white' title='Ampliaci\u00f3n y Reforma del CEIP 9 d\u2019octubre &lt;br&gt; &lt;font color=&quot;Gray&quot;&gt;Senyera&lt;\/font&gt;' href='https:\/\/www.vtim.es\/portal\/wp-content\/uploads\/2019\/12\/1819_00-1.jpg' data-rel='prettyPhoto[pretty_photo_gallery]'>zoom<\/a>\n    \n                            <a itemprop='url' class='preview qbutton small white' href='https:\/\/www.vtim.es\/portal\/portfolio_page\/ampliacion-y-reforma-del-ceip-9-doctubre\/' target=''>view<\/i><\/a>\n    \n                                            <\/span>\n        <\/span>\n    <\/span>\n<\/span>            <\/a>\n        <\/div>\n            <div class='portfolio_description ' >\n\n        \n    <h5 itemprop=\"name\" class=\"portfolio_title entry_title\"><a itemprop=\"url\" href=\"https:\/\/www.vtim.es\/portal\/portfolio_page\/ampliacion-y-reforma-del-ceip-9-doctubre\/\"  target=\"_self\"> Ampliaci\u00f3n y Reforma del CEIP 9 d\u2019octubre <br> <font color=\"Gray\">Senyera<\/font><\/a><\/h5>\n\n\n        \n            <span class=\"project_category\"  >\n    Equipamientos    <\/span>\n\n    <\/div>\n    \n<\/article>\n<article class='mix portfolio_category_60 default' style=''>\n    \n    \n    \n            <div class='image_holder'>\n            <a itemprop='url' class='portfolio_link_for_touch' href='https:\/\/www.vtim.es\/portal\/portfolio_page\/128-viviendas-en-mislata\/' target=''>\n                \n<span class='image'><img width=\"800\" height=\"800\" src=\"https:\/\/www.vtim.es\/portal\/wp-content\/uploads\/2019\/12\/1530_00-1.jpg\" class=\"attachment-full size-full wp-post-image\" alt=\"\" decoding=\"async\" loading=\"lazy\" srcset=\"https:\/\/www.vtim.es\/portal\/wp-content\/uploads\/2019\/12\/1530_00-1.jpg 800w, https:\/\/www.vtim.es\/portal\/wp-content\/uploads\/2019\/12\/1530_00-1-300x300.jpg 300w, https:\/\/www.vtim.es\/portal\/wp-content\/uploads\/2019\/12\/1530_00-1-150x150.jpg 150w, https:\/\/www.vtim.es\/portal\/wp-content\/uploads\/2019\/12\/1530_00-1-768x768.jpg 768w, https:\/\/www.vtim.es\/portal\/wp-content\/uploads\/2019\/12\/1530_00-1-570x570.jpg 570w, https:\/\/www.vtim.es\/portal\/wp-content\/uploads\/2019\/12\/1530_00-1-500x500.jpg 500w, https:\/\/www.vtim.es\/portal\/wp-content\/uploads\/2019\/12\/1530_00-1-700x700.jpg 700w\" sizes=\"(max-width: 800px) 100vw, 800px\" \/><\/span>            <span class='text_holder'>\n    <span class='text_outer'>\n        <span class='text_inner'>\n            <span class='feature_holder'>\n                            <span class=\"feature_holder_icons\">';\n                            <a itemprop='image' class='lightbox qbutton small white' title='128 viviendas en la Plaza Mayor &lt;br&gt; &lt;font color=&quot;Gray&quot;&gt;Mislata&lt;\/font&gt;' href='https:\/\/www.vtim.es\/portal\/wp-content\/uploads\/2019\/12\/1530_00-1.jpg' data-rel='prettyPhoto[pretty_photo_gallery]'>zoom<\/a>\n    \n                            <a itemprop='url' class='preview qbutton small white' href='https:\/\/www.vtim.es\/portal\/portfolio_page\/128-viviendas-en-mislata\/' target=''>view<\/i><\/a>\n    \n                                            <\/span>\n        <\/span>\n    <\/span>\n<\/span>            <\/a>\n        <\/div>\n            <div class='portfolio_description ' >\n\n        \n    <h5 itemprop=\"name\" class=\"portfolio_title entry_title\"><a itemprop=\"url\" href=\"https:\/\/www.vtim.es\/portal\/portfolio_page\/128-viviendas-en-mislata\/\"  target=\"_self\"> 128 viviendas en la Plaza Mayor <br> <font color=\"Gray\">Mislata<\/font><\/a><\/h5>\n\n\n        \n            <span class=\"project_category\"  >\n    Residencial    <\/span>\n\n    <\/div>\n    \n<\/article>\n<article class='mix portfolio_category_62 default' style=''>\n    \n    \n    \n            <div class='image_holder'>\n            <a itemprop='url' class='portfolio_link_for_touch' href='https:\/\/www.vtim.es\/portal\/portfolio_page\/proyecto-de-restauracion-de-la-lonja-del-pescado-de-el-cabanyal\/' target=''>\n                \n<span class='image'><img width=\"800\" height=\"800\" src=\"https:\/\/www.vtim.es\/portal\/wp-content\/uploads\/2019\/12\/1805_00-1.jpg\" class=\"attachment-full size-full wp-post-image\" alt=\"\" decoding=\"async\" loading=\"lazy\" srcset=\"https:\/\/www.vtim.es\/portal\/wp-content\/uploads\/2019\/12\/1805_00-1.jpg 800w, https:\/\/www.vtim.es\/portal\/wp-content\/uploads\/2019\/12\/1805_00-1-300x300.jpg 300w, https:\/\/www.vtim.es\/portal\/wp-content\/uploads\/2019\/12\/1805_00-1-150x150.jpg 150w, https:\/\/www.vtim.es\/portal\/wp-content\/uploads\/2019\/12\/1805_00-1-768x768.jpg 768w, https:\/\/www.vtim.es\/portal\/wp-content\/uploads\/2019\/12\/1805_00-1-570x570.jpg 570w, https:\/\/www.vtim.es\/portal\/wp-content\/uploads\/2019\/12\/1805_00-1-500x500.jpg 500w, https:\/\/www.vtim.es\/portal\/wp-content\/uploads\/2019\/12\/1805_00-1-700x700.jpg 700w\" sizes=\"(max-width: 800px) 100vw, 800px\" \/><\/span>            <span class='text_holder'>\n    <span class='text_outer'>\n        <span class='text_inner'>\n            <span class='feature_holder'>\n                            <span class=\"feature_holder_icons\">';\n                            <a itemprop='image' class='lightbox qbutton small white' title='Restauraci\u00f3n de la Lonja del Pescado &lt;br&gt; &lt;font color=&quot;Gray&quot;&gt;Val\u00e8ncia 2019&lt;\/font&gt;' href='https:\/\/www.vtim.es\/portal\/wp-content\/uploads\/2019\/12\/1805_00-1.jpg' data-rel='prettyPhoto[pretty_photo_gallery]'>zoom<\/a>\n    \n                            <a itemprop='url' class='preview qbutton small white' href='https:\/\/www.vtim.es\/portal\/portfolio_page\/proyecto-de-restauracion-de-la-lonja-del-pescado-de-el-cabanyal\/' target=''>view<\/i><\/a>\n    \n                                            <\/span>\n        <\/span>\n    <\/span>\n<\/span>            <\/a>\n        <\/div>\n            <div class='portfolio_description ' >\n\n        \n    <h5 itemprop=\"name\" class=\"portfolio_title entry_title\"><a itemprop=\"url\" href=\"https:\/\/www.vtim.es\/portal\/portfolio_page\/proyecto-de-restauracion-de-la-lonja-del-pescado-de-el-cabanyal\/\"  target=\"_self\"> Restauraci\u00f3n de la Lonja del Pescado <br> <font color=\"Gray\">Val\u00e8ncia 2019<\/font><\/a><\/h5>\n\n\n        \n            <span class=\"project_category\"  >\n    Rehabilitaci\u00f3n    <\/span>\n\n    <\/div>\n    \n<\/article>\n<article class='mix portfolio_category_60 default' style=''>\n    \n    \n    \n            <div class='image_holder'>\n            <a itemprop='url' class='portfolio_link_for_touch' href='https:\/\/www.vtim.es\/portal\/portfolio_page\/50-viviendas-en-valencia\/' target=''>\n                \n<span class='image'><img width=\"800\" height=\"800\" src=\"https:\/\/www.vtim.es\/portal\/wp-content\/uploads\/2019\/12\/0619_00-1.jpg\" class=\"attachment-full size-full wp-post-image\" alt=\"\" decoding=\"async\" loading=\"lazy\" srcset=\"https:\/\/www.vtim.es\/portal\/wp-content\/uploads\/2019\/12\/0619_00-1.jpg 800w, https:\/\/www.vtim.es\/portal\/wp-content\/uploads\/2019\/12\/0619_00-1-300x300.jpg 300w, https:\/\/www.vtim.es\/portal\/wp-content\/uploads\/2019\/12\/0619_00-1-150x150.jpg 150w, https:\/\/www.vtim.es\/portal\/wp-content\/uploads\/2019\/12\/0619_00-1-768x768.jpg 768w, https:\/\/www.vtim.es\/portal\/wp-content\/uploads\/2019\/12\/0619_00-1-570x570.jpg 570w, https:\/\/www.vtim.es\/portal\/wp-content\/uploads\/2019\/12\/0619_00-1-500x500.jpg 500w, https:\/\/www.vtim.es\/portal\/wp-content\/uploads\/2019\/12\/0619_00-1-700x700.jpg 700w\" sizes=\"(max-width: 800px) 100vw, 800px\" \/><\/span>            <span class='text_holder'>\n    <span class='text_outer'>\n        <span class='text_inner'>\n            <span class='feature_holder'>\n                            <span class=\"feature_holder_icons\">';\n                            <a itemprop='image' class='lightbox qbutton small white' title='50 viviendas en la Petxina &lt;br&gt; &lt;font color=&quot;Gray&quot;&gt;Val\u00e8ncia 2019&lt;\/font&gt;' href='https:\/\/www.vtim.es\/portal\/wp-content\/uploads\/2019\/12\/0619_00-1.jpg' data-rel='prettyPhoto[pretty_photo_gallery]'>zoom<\/a>\n    \n                            <a itemprop='url' class='preview qbutton small white' href='https:\/\/www.vtim.es\/portal\/portfolio_page\/50-viviendas-en-valencia\/' target=''>view<\/i><\/a>\n    \n                                            <\/span>\n        <\/span>\n    <\/span>\n<\/span>            <\/a>\n        <\/div>\n            <div class='portfolio_description ' >\n\n        \n    <h5 itemprop=\"name\" class=\"portfolio_title entry_title\"><a itemprop=\"url\" href=\"https:\/\/www.vtim.es\/portal\/portfolio_page\/50-viviendas-en-valencia\/\"  target=\"_self\"> 50 viviendas en la Petxina <br> <font color=\"Gray\">Val\u00e8ncia 2019<\/font><\/a><\/h5>\n\n\n        \n            <span class=\"project_category\"  >\n    Residencial    <\/span>\n\n    <\/div>\n    \n<\/article>\n<article class='mix default' style=''>\n    \n    \n    \n            <div class='image_holder'>\n            <a itemprop='url' class='portfolio_link_for_touch' href='https:\/\/www.vtim.es\/portal\/portfolio_page\/parque-de-la-porta-del-barranc-fase-1\/' target=''>\n                \n<span class='image'><img width=\"709\" height=\"709\" src=\"https:\/\/www.vtim.es\/portal\/wp-content\/uploads\/2020\/01\/1633F1_00.jpg\" class=\"attachment-full size-full wp-post-image\" alt=\"\" decoding=\"async\" loading=\"lazy\" srcset=\"https:\/\/www.vtim.es\/portal\/wp-content\/uploads\/2020\/01\/1633F1_00.jpg 709w, https:\/\/www.vtim.es\/portal\/wp-content\/uploads\/2020\/01\/1633F1_00-300x300.jpg 300w, https:\/\/www.vtim.es\/portal\/wp-content\/uploads\/2020\/01\/1633F1_00-150x150.jpg 150w, https:\/\/www.vtim.es\/portal\/wp-content\/uploads\/2020\/01\/1633F1_00-570x570.jpg 570w, https:\/\/www.vtim.es\/portal\/wp-content\/uploads\/2020\/01\/1633F1_00-500x500.jpg 500w, https:\/\/www.vtim.es\/portal\/wp-content\/uploads\/2020\/01\/1633F1_00-700x700.jpg 700w\" sizes=\"(max-width: 709px) 100vw, 709px\" \/><\/span>            <span class='text_holder'>\n    <span class='text_outer'>\n        <span class='text_inner'>\n            <span class='feature_holder'>\n                            <span class=\"feature_holder_icons\">';\n                            <a itemprop='image' class='lightbox qbutton small white' title='Parque de la Porta del Barranc (Fase 1) &lt;br&gt; &lt;font color=&quot;Gray&quot;&gt;Riba-Roja de T\u00faria  2019&lt;\/font&gt;' href='https:\/\/www.vtim.es\/portal\/wp-content\/uploads\/2020\/01\/1633F1_00.jpg' data-rel='prettyPhoto[pretty_photo_gallery]'>zoom<\/a>\n    \n                            <a itemprop='url' class='preview qbutton small white' href='https:\/\/www.vtim.es\/portal\/portfolio_page\/parque-de-la-porta-del-barranc-fase-1\/' target=''>view<\/i><\/a>\n    \n                                            <\/span>\n        <\/span>\n    <\/span>\n<\/span>            <\/a>\n        <\/div>\n            <div class='portfolio_description ' >\n\n        \n    <h5 itemprop=\"name\" class=\"portfolio_title entry_title\"><a itemprop=\"url\" href=\"https:\/\/www.vtim.es\/portal\/portfolio_page\/parque-de-la-porta-del-barranc-fase-1\/\"  target=\"_self\"> Parque de la Porta del Barranc (Fase 1) <br> <font color=\"Gray\">Riba-Roja de T\u00faria  2019<\/font><\/a><\/h5>\n\n\n        \n            <span class=\"project_category\"  >\n        <\/span>\n\n    <\/div>\n    \n<\/article>\n<article class='mix portfolio_category_65 default' style=''>\n    \n    \n    \n            <div class='image_holder'>\n            <a itemprop='url' class='portfolio_link_for_touch' href='https:\/\/www.vtim.es\/portal\/portfolio_page\/figura-y-trayectoria-del-arquitecto-y-urbanista-javier-goerlich-lleo\/' target=''>\n                \n<span class='image'><img width=\"885\" height=\"885\" src=\"https:\/\/www.vtim.es\/portal\/wp-content\/uploads\/2019\/12\/1803_00-1.jpg\" class=\"attachment-full size-full wp-post-image\" alt=\"\" decoding=\"async\" loading=\"lazy\" srcset=\"https:\/\/www.vtim.es\/portal\/wp-content\/uploads\/2019\/12\/1803_00-1.jpg 885w, https:\/\/www.vtim.es\/portal\/wp-content\/uploads\/2019\/12\/1803_00-1-300x300.jpg 300w, https:\/\/www.vtim.es\/portal\/wp-content\/uploads\/2019\/12\/1803_00-1-150x150.jpg 150w, https:\/\/www.vtim.es\/portal\/wp-content\/uploads\/2019\/12\/1803_00-1-768x768.jpg 768w, https:\/\/www.vtim.es\/portal\/wp-content\/uploads\/2019\/12\/1803_00-1-570x570.jpg 570w, https:\/\/www.vtim.es\/portal\/wp-content\/uploads\/2019\/12\/1803_00-1-500x500.jpg 500w, https:\/\/www.vtim.es\/portal\/wp-content\/uploads\/2019\/12\/1803_00-1-700x700.jpg 700w\" sizes=\"(max-width: 885px) 100vw, 885px\" \/><\/span>            <span class='text_holder'>\n    <span class='text_outer'>\n        <span class='text_inner'>\n            <span class='feature_holder'>\n                            <span class=\"feature_holder_icons\">';\n                            <a itemprop='image' class='lightbox qbutton small white' title='Exposici\u00f3n Javier Goerlich Lle\u00f3 &lt;br&gt; &lt;font color=&quot;Gray&quot;&gt;Val\u00e8ncia 2018-2019&lt;\/font&gt;' href='https:\/\/www.vtim.es\/portal\/wp-content\/uploads\/2019\/12\/1803_00-1.jpg' data-rel='prettyPhoto[pretty_photo_gallery]'>zoom<\/a>\n    \n                            <a itemprop='url' class='preview qbutton small white' href='https:\/\/www.vtim.es\/portal\/portfolio_page\/figura-y-trayectoria-del-arquitecto-y-urbanista-javier-goerlich-lleo\/' target=''>view<\/i><\/a>\n    \n                                            <\/span>\n        <\/span>\n    <\/span>\n<\/span>            <\/a>\n        <\/div>\n            <div class='portfolio_description ' >\n\n        \n    <h5 itemprop=\"name\" class=\"portfolio_title entry_title\"><a itemprop=\"url\" href=\"https:\/\/www.vtim.es\/portal\/portfolio_page\/figura-y-trayectoria-del-arquitecto-y-urbanista-javier-goerlich-lleo\/\"  target=\"_self\"> Exposici\u00f3n Javier Goerlich Lle\u00f3 <br> <font color=\"Gray\">Val\u00e8ncia 2018-2019<\/font><\/a><\/h5>\n\n\n        \n            <span class=\"project_category\"  >\n    Publicaciones y exposiciones    <\/span>\n\n    <\/div>\n    \n<\/article>\n<article class='mix portfolio_category_63 default' style=''>\n    \n    \n    \n            <div class='image_holder'>\n            <a itemprop='url' class='portfolio_link_for_touch' href='https:\/\/www.vtim.es\/portal\/portfolio_page\/parque-de-la-porta-del-barranc\/' target=''>\n                \n<span class='image'><img width=\"709\" height=\"709\" src=\"https:\/\/www.vtim.es\/portal\/wp-content\/uploads\/2020\/05\/1633F0_00.jpg\" class=\"attachment-full size-full wp-post-image\" alt=\"\" decoding=\"async\" loading=\"lazy\" srcset=\"https:\/\/www.vtim.es\/portal\/wp-content\/uploads\/2020\/05\/1633F0_00.jpg 709w, https:\/\/www.vtim.es\/portal\/wp-content\/uploads\/2020\/05\/1633F0_00-300x300.jpg 300w, https:\/\/www.vtim.es\/portal\/wp-content\/uploads\/2020\/05\/1633F0_00-150x150.jpg 150w, https:\/\/www.vtim.es\/portal\/wp-content\/uploads\/2020\/05\/1633F0_00-570x570.jpg 570w, https:\/\/www.vtim.es\/portal\/wp-content\/uploads\/2020\/05\/1633F0_00-500x500.jpg 500w, https:\/\/www.vtim.es\/portal\/wp-content\/uploads\/2020\/05\/1633F0_00-700x700.jpg 700w\" sizes=\"(max-width: 709px) 100vw, 709px\" \/><\/span>            <span class='text_holder'>\n    <span class='text_outer'>\n        <span class='text_inner'>\n            <span class='feature_holder'>\n                            <span class=\"feature_holder_icons\">';\n                            <a itemprop='image' class='lightbox qbutton small white' title='Parque de la Porta del Barranc &lt;br&gt; &lt;font color=&quot;Gray&quot;&gt;Riba-Roja de T\u00faria 2017&lt;\/font&gt;' href='https:\/\/www.vtim.es\/portal\/wp-content\/uploads\/2020\/05\/1633F0_00.jpg' data-rel='prettyPhoto[pretty_photo_gallery]'>zoom<\/a>\n    \n                            <a itemprop='url' class='preview qbutton small white' href='https:\/\/www.vtim.es\/portal\/portfolio_page\/parque-de-la-porta-del-barranc\/' target=''>view<\/i><\/a>\n    \n                                            <\/span>\n        <\/span>\n    <\/span>\n<\/span>            <\/a>\n        <\/div>\n            <div class='portfolio_description ' >\n\n        \n    <h5 itemprop=\"name\" class=\"portfolio_title entry_title\"><a itemprop=\"url\" href=\"https:\/\/www.vtim.es\/portal\/portfolio_page\/parque-de-la-porta-del-barranc\/\"  target=\"_self\"> Parque de la Porta del Barranc <br> <font color=\"Gray\">Riba-Roja de T\u00faria 2017<\/font><\/a><\/h5>\n\n\n        \n            <span class=\"project_category\"  >\n    Espacio P\u00fablico    <\/span>\n\n    <\/div>\n    \n<\/article>\n<article class='mix portfolio_category_62 default' style=''>\n    \n    \n    \n            <div class='image_holder'>\n            <a itemprop='url' class='portfolio_link_for_touch' href='https:\/\/www.vtim.es\/portal\/portfolio_page\/restauracion-de-las-fachadas-del-edificio-de-correos\/' target=''>\n                \n<span class='image'><img width=\"890\" height=\"890\" src=\"https:\/\/www.vtim.es\/portal\/wp-content\/uploads\/2019\/12\/1510_00-1.jpg\" class=\"attachment-full size-full wp-post-image\" alt=\"\" decoding=\"async\" loading=\"lazy\" srcset=\"https:\/\/www.vtim.es\/portal\/wp-content\/uploads\/2019\/12\/1510_00-1.jpg 890w, https:\/\/www.vtim.es\/portal\/wp-content\/uploads\/2019\/12\/1510_00-1-300x300.jpg 300w, https:\/\/www.vtim.es\/portal\/wp-content\/uploads\/2019\/12\/1510_00-1-150x150.jpg 150w, https:\/\/www.vtim.es\/portal\/wp-content\/uploads\/2019\/12\/1510_00-1-768x768.jpg 768w, https:\/\/www.vtim.es\/portal\/wp-content\/uploads\/2019\/12\/1510_00-1-570x570.jpg 570w, https:\/\/www.vtim.es\/portal\/wp-content\/uploads\/2019\/12\/1510_00-1-500x500.jpg 500w, https:\/\/www.vtim.es\/portal\/wp-content\/uploads\/2019\/12\/1510_00-1-700x700.jpg 700w\" sizes=\"(max-width: 890px) 100vw, 890px\" \/><\/span>            <span class='text_holder'>\n    <span class='text_outer'>\n        <span class='text_inner'>\n            <span class='feature_holder'>\n                            <span class=\"feature_holder_icons\">';\n                            <a itemprop='image' class='lightbox qbutton small white' title='Restauraci\u00f3n de Fachadas del Edificio de Correos &lt;br&gt; &lt;font color=&quot;Gray&quot;&gt;Val\u00e8ncia 2016&lt;\/font&gt;' href='https:\/\/www.vtim.es\/portal\/wp-content\/uploads\/2019\/12\/1510_00-1.jpg' data-rel='prettyPhoto[pretty_photo_gallery]'>zoom<\/a>\n    \n                            <a itemprop='url' class='preview qbutton small white' href='https:\/\/www.vtim.es\/portal\/portfolio_page\/restauracion-de-las-fachadas-del-edificio-de-correos\/' target=''>view<\/i><\/a>\n    \n                                            <\/span>\n        <\/span>\n    <\/span>\n<\/span>            <\/a>\n        <\/div>\n            <div class='portfolio_description ' >\n\n        \n    <h5 itemprop=\"name\" class=\"portfolio_title entry_title\"><a itemprop=\"url\" href=\"https:\/\/www.vtim.es\/portal\/portfolio_page\/restauracion-de-las-fachadas-del-edificio-de-correos\/\"  target=\"_self\"> Restauraci\u00f3n de Fachadas del Edificio de Correos <br> <font color=\"Gray\">Val\u00e8ncia 2016<\/font><\/a><\/h5>\n\n\n        \n            <span class=\"project_category\"  >\n    Rehabilitaci\u00f3n    <\/span>\n\n    <\/div>\n    \n<\/article>\n        <div class='filler'><\/div>\n            <div class='filler'><\/div>\n        <\/div>\n\n                    <div class=\"portfolio_paging\"><span rel=\"3\" class=\"load_more\"><a href=\"https:\/\/www.vtim.es\/portal\/wp-json\/wp\/v2\/pages\/5856\/page\/2\/\" >Show more<\/a><\/span><\/div>\n        <div class=\"portfolio_paging_loading\"><a href=\"javascript: void(0)\" class=\"qbutton\">Loading...<\/a><\/div>\n\n    \n    <\/div>[vc_separator type=\u00bbtransparent\u00bb up=\u00bb20&#8243; down=\u00bb20&#8243; position=\u00bbcenter\u00bb][\/vc_column][\/vc_row]<\/p>\n","protected":false},"excerpt":{"rendered":"<p>[vc_row][vc_column width=\u00bb1\/1&#8243;][vc_separator type=\u00bbtransparent\u00bb up=\u00bb20&#8243; down=\u00bb20&#8243; position=\u00bbcenter\u00bb][\/vc_column][\/vc_row]<\/p>\n","protected":false},"author":1,"featured_media":0,"parent":5995,"menu_order":0,"comment_status":"open","ping_status":"open","template":"","meta":[],"_links":{"self":[{"href":"https:\/\/www.vtim.es\/portal\/wp-json\/wp\/v2\/pages\/5856"}],"collection":[{"href":"https:\/\/www.vtim.es\/portal\/wp-json\/wp\/v2\/pages"}],"about":[{"href":"https:\/\/www.vtim.es\/portal\/wp-json\/wp\/v2\/types\/page"}],"author":[{"embeddable":true,"href":"https:\/\/www.vtim.es\/portal\/wp-json\/wp\/v2\/users\/1"}],"replies":[{"embeddable":true,"href":"https:\/\/www.vtim.es\/portal\/wp-json\/wp\/v2\/comments?post=5856"}],"version-history":[{"count":0,"href":"https:\/\/www.vtim.es\/portal\/wp-json\/wp\/v2\/pages\/5856\/revisions"}],"up":[{"embeddable":true,"href":"https:\/\/www.vtim.es\/portal\/wp-json\/wp\/v2\/pages\/5995"}],"wp:attachment":[{"href":"https:\/\/www.vtim.es\/portal\/wp-json\/wp\/v2\/media?parent=5856"}],"curies":[{"name":"wp","href":"https:\/\/api.w.org\/{rel}","templated":true}]}}